{"id":21,"date":"2025-06-18T06:02:46","date_gmt":"2025-06-18T06:02:46","guid":{"rendered":"https:\/\/viviq.ch\/eichholz\/?page_id=21"},"modified":"2025-10-09T08:44:12","modified_gmt":"2025-10-09T08:44:12","slug":"projekt","status":"publish","type":"page","link":"https:\/\/viviq.ch\/eichholz\/projekt\/","title":{"rendered":"Projekt"},"content":{"rendered":"\n<div class=\"is-full-height is-variation-hero is-style-tinted-dark wp-block-viviq-hero\" >\n            <div class=\"background-image parallax-bg\" style=\"background-image: url(https:\/\/viviq.ch\/eichholz\/wp-content\/uploads\/sites\/7\/2025\/09\/backbone_568673-A_112_WEB-e1757423791152.jpg); \"><\/div>\n    \n    <div class=\"overlay\"><\/div>\n\n    \n    <div class=\"container\" >\n                    <h1 class=\"hero-title\">Neubau Eichholz<\/h1>\n        \n        <div class=\"hero-content\">\n            \n\n<p><strong>modernes, familienfreundliches Wohnen, eingebettet in eine naturnahe und dennoch infrastrukturell gute Umgebung<\/strong><\/p>\n\n        <\/div>\n    <\/div>\n<\/div>\n\n\n<div class=\"wp-block-viviq-section\" >\n    \n<div class=\"container has-media-on-the-left is-vertically-aligned-center wp-block-viviq-media-text\">\n    <div class=\"image-container decoration\">\n                    <img decoding=\"async\" src=\"https:\/\/viviq.ch\/eichholz\/wp-content\/uploads\/sites\/7\/2025\/09\/backbone_568673-A_124_WEB.jpg\" \n                 alt=\"\" \n                 class=\"image aspect-ratio-4-3\">\n        \n            <\/div>\n    \n    <div class=\"content-container viviq-typography-container\">\n        \n<div class=\"wp-block-viviq-section-heading\">\n    \n\n<p class=\"section-heading-title wp-block-viviq-section-heading-part\">Projektbeschreibung<\/p>\n<\/div>\n\n\n<p>Mit der Wohn\u00fcberbauung Eichholz entsteht in Saland, einer charmanten Ortschaft der Gemeinde&nbsp;Bauma, ein modernes und hochwertiges Wohnquartier. Eingebettet in die idyllische Z\u00fcrcher Oberl\u00e4nder Landschaft bietet das Projekt naturnahes Wohnen in einer familienfreundlichen Umgebung \u2013 ideal f\u00fcr all jene, die Ruhe, Lebensqualit\u00e4t und N\u00e4he zur Natur sch\u00e4tzen.<\/p>\n\n\n\n<p>Die Architektur setzt auf zeitlose Gestaltung, energieeffiziente Bauweise und hochwertige Materialien. Durchdachte Grundrisse und nachhaltige Geb\u00e4udetechnik wie Photovoltaik-Anlagen und W\u00e4rmepumpen unterstreichen den zukunftsorientierten Charakter der \u00dcberbauung.<\/p>\n\n\n\n<ul class=\"wp-block-list is-style-grid-features\">\n<li>Erdsondenheizung<\/li>\n\n\n\n<li>E-Mobility-Vorbereitung<\/li>\n\n\n\n<li>Begr\u00fcnte Umgebung<\/li>\n\n\n\n<li>Waschturm je Wohnung<\/li>\n\n\n\n<li>Lift direkt in in allen H\u00e4usern<\/li>\n\n\n\n<li>Photovoltaikanlage<\/li>\n<\/ul>\n\n    <\/div>\n<\/div>\n\n<div class=\"container has-media-on-the-right is-vertically-aligned-center wp-block-viviq-media-text\">\n    <div class=\"image-container \">\n                    <img decoding=\"async\" src=\"https:\/\/viviq.ch\/eichholz\/wp-content\/uploads\/sites\/7\/2025\/09\/backbone_568673-A_010_WEB.jpg\" \n                 alt=\"\" \n                 class=\"image aspect-ratio-default\">\n        \n            <\/div>\n    \n    <div class=\"content-container viviq-typography-container\">\n        \n<div class=\"wp-block-viviq-section-heading\">\n    \n\n<p class=\"section-heading-title wp-block-viviq-section-heading-part\">Ausbaustandard<\/p>\n<\/div>\n\n\n<p>Die Mietwohnungen der Wohn\u00fcberbauung <em>Eichholz<\/em> verbinden stilvolles Design mit durchdachter Funktionalit\u00e4t \u2013 und schaffen ein Wohngef\u00fchl, in dem man sich vom ersten Moment an zu Hause f\u00fchlt. Hochwertige Materialien, helle R\u00e4ume und eine zeitlose \u00c4sthetik pr\u00e4gen das Ambiente jeder Wohnung.<\/p>\n\n\n\n<p>Edler Parkett oder grossformatige Feinsteinzeugplatten verleihen den Wohn- und Schlafbereichen eine warme, moderne Ausstrahlung. Die Badezimmer sind elegant ausgestattet mit ausgew\u00e4hlten Sanit\u00e4rapparaten von Sanitas Tr\u00f6sch \u2013 stilvoll, pflegeleicht und funktional zugleich. Ein eigener Waschturm sorgt f\u00fcr zus\u00e4tzlichen Komfort.<\/p>\n\n\n\n<p>Auch die K\u00fcchen \u00fcberzeugen durch ihre offene Gestaltung, viel Stauraum und eine hochwertige Ger\u00e4teausstattung. Hier wird sp\u00fcrbar Wert auf Qualit\u00e4t, Langlebigkeit und eine klare Formensprache gelegt \u2013 f\u00fcr alle, die gerne kochen oder einfach sch\u00f6ne K\u00fcchen lieben.<\/p>\n\n    <\/div>\n<\/div>\n\n<div class=\"container has-media-on-the-left is-vertically-aligned-center wp-block-viviq-media-text\">\n    <div class=\"image-container \">\n                    <img decoding=\"async\" src=\"https:\/\/viviq.ch\/eichholz\/wp-content\/uploads\/sites\/7\/2025\/09\/backbone_568673-A_055_WEB.jpg\" \n                 alt=\"\" \n                 class=\"image aspect-ratio-default\">\n        \n            <\/div>\n    \n    <div class=\"content-container viviq-typography-container\">\n        \n\n<p>Die Wohnungen sind mit einer energieeffizienten Fussbodenheizung ausgestattet, die \u00fcber Erdsonden gespeist wird \u2013 angenehm warm, nachhaltig und kostenschonend. Grosse Fenster mit 3-fach-Verglasung bringen viel Licht ins Zuhause und sch\u00fctzen zugleich vor L\u00e4rm und K\u00e4lte. Elektrisch bedienbare Lamellenstoren sowie Sonnenmarkisen sorgen f\u00fcr Komfort und Privatsph\u00e4re.<\/p>\n\n\n\n<p>Ein Lift f\u00fchrt in alle Etagen \u2013 in den Attikawohnungen sogar direkt. Dazu kommen praktische Tiefgaragenpl\u00e4tze mit direktem Zugang zum Haus, moderne Multimediaanschl\u00fcsse in allen R\u00e4umen und eine hochwertige Schliessanlage.<\/p>\n\n\n\n<p><strong>Wer hier wohnt, geniesst nicht nur moderne Architektur, sondern ein stimmiges, komfortables Zuhause in einer gr\u00fcnen Umgebung, die zum Bleiben einl\u00e4dt.<\/strong><\/p>\n\n\n\n<p><\/p>\n\n    <\/div>\n<\/div>\n<\/div>\n\n\n<div class=\"wp-block-viviq-section\" >\n    \n<div class=\"wp-block-viviq-section-heading\">\n    \n\n<p class=\"section-heading-title wp-block-viviq-section-heading-part\"><\/p>\n<\/div>\n\n<div class=\"container has-media-on-the-left is-vertically-aligned-top wp-block-viviq-media-text\">\n    <div class=\"image-container \">\n        \n            <\/div>\n    \n    <div class=\"content-container viviq-typography-container\">\n        \n\n<p><\/p>\n\n    <\/div>\n<\/div>\n<\/div>\n\n\n<div class=\"wp-block-viviq-section\" >\n    \n<div class=\"wp-block-viviq-location-info\">\n    <div class=\"container\">\n        <div class=\"map-container\">\n                    <div id=\"map-6a0459aa46f45\" style=\"width: 100%; height: 100%;\"><\/div>\n\n        <script>\n            (function() {\n                \/\/ Store map configuration\n                if (typeof window.mapConfigs === 'undefined') {\n                    window.mapConfigs = {};\n                }\n\n                window.mapConfigs['map-6a0459aa46f45'] = {\n                    element: 'map-6a0459aa46f45',\n                    center: { lat: 47.3896755, lng: 8.8537773 },\n                    zoom: 14,\n                    styles: [{\"stylers\":[{\"saturation\":-100},{\"lightness\":0}]}]                };\n\n                \/\/ Initialize map if Google Maps is already loaded\n                if (window.google && window.google.maps) {\n                    initializeMap('map-6a0459aa46f45');\n                }\n            })();\n        <\/script>\n                <\/div>\n        <div class=\"content-container viviq-typography-container\">\n            \n<div class=\"wp-block-viviq-section-heading\">\n    \n\n<p class=\"section-heading-title wp-block-viviq-section-heading-part\">Lage<\/p>\n<\/div>\n\n\n<p>Die \u00dcberbauung befindet sich an ruhiger und sonniger Lage, nur wenige Gehminuten vom Bahnhof Saland entfernt. Einkaufsm\u00f6glichkeiten, Schulen und Freizeitangebote sind in unmittelbarer N\u00e4he. Dank der N\u00e4he zu Bauma, Pf\u00e4ffikon ZH und Wetzikon sowie guter Anbindung an den \u00f6ffentlichen Verkehr, ist auch die Erreichbarkeit von Z\u00fcrich, Winterthur oder Rapperswil gew\u00e4hrleistet. Dennoch bietet die Wohn\u00fcberbauung naturnahes Wohnen in einer familienfreundlichen Umgebung \u2013 ideal f\u00fcr all jene, die Ruhe, Lebensqualit\u00e4t und N\u00e4he zur Natur sch\u00e4tzen.<\/p>\n\n\n\n<div class=\"wp-block-viviq-location-info-table\">\n    <table>\n        <thead>\n            <tr>\n                <th>Distanzen in Minuten<\/th>\n                <th><svg width=\"14\" height=\"22\" viewBox=\"0 0 14 22\" fill=\"none\" xmlns=\"http:\/\/www.w3.org\/2000\/svg\">\n    <path d=\"M5.43717 13.5884L3.84996 20.7186C3.80112 20.9465 3.6831 21.1337 3.49589 21.2802C3.30868 21.4267 3.09298 21.5 2.8488 21.5C2.52322 21.5 2.26275 21.3779 2.0674 21.1337C1.87205 20.8895 1.80694 20.6128 1.87205 20.3035L4.36275 7.72791L2.60461 8.41163V10.7558C2.60461 11.0326 2.51101 11.2645 2.3238 11.4517C2.13659 11.639 1.90461 11.7326 1.62787 11.7326C1.35112 11.7326 1.11915 11.639 0.931937 11.4517C0.744728 11.2645 0.651123 11.0326 0.651123 10.7558V7.77674C0.651123 7.5814 0.70403 7.4064 0.809844 7.25174C0.915658 7.09709 1.0581 6.97907 1.23717 6.89767L5.58368 5.04186C5.81159 4.94419 6.0517 4.88721 6.30403 4.87093C6.55636 4.85465 6.79647 4.88721 7.02438 4.96861C7.25229 5.05 7.46798 5.16395 7.67147 5.31047C7.87496 5.45698 8.04182 5.64419 8.17205 5.87209L9.1488 7.43488C9.36042 7.76047 9.60868 8.06977 9.89356 8.36279C10.1784 8.65581 10.5 8.90814 10.8581 9.11977C11.086 9.25 11.3383 9.36802 11.6151 9.47384C11.8918 9.57965 12.1686 9.65698 12.4453 9.70581C12.7058 9.75465 12.9215 9.87267 13.0924 10.0599C13.2633 10.2471 13.3488 10.4791 13.3488 10.7558C13.3488 11.0326 13.2511 11.2605 13.0558 11.4395C12.8604 11.6186 12.6244 11.6919 12.3476 11.6593C11.436 11.5291 10.618 11.2442 9.89356 10.8047C9.16915 10.3651 8.53833 9.83605 8.00112 9.21744L7.39066 12.2209L9.1488 13.8814C9.24647 13.9791 9.31973 14.089 9.36856 14.211C9.4174 14.3331 9.44182 14.4593 9.44182 14.5895V20.5233C9.44182 20.8 9.34822 21.032 9.16101 21.2192C8.9738 21.4064 8.74182 21.5 8.46508 21.5C8.18833 21.5 7.95636 21.4064 7.76915 21.2192C7.58194 21.032 7.48833 20.8 7.48833 20.5233V15.1512L5.43717 13.5884ZM7.9767 4.40698C7.4395 4.40698 6.97961 4.2157 6.59705 3.83314C6.21449 3.45058 6.02322 2.9907 6.02322 2.45349C6.02322 1.91628 6.21449 1.4564 6.59705 1.07384C6.97961 0.691279 7.4395 0.5 7.9767 0.5C8.51391 0.5 8.9738 0.691279 9.35636 1.07384C9.73891 1.4564 9.93019 1.91628 9.93019 2.45349C9.93019 2.9907 9.73891 3.45058 9.35636 3.83314C8.9738 4.2157 8.51391 4.40698 7.9767 4.40698Z\" fill=\"black\"\/>\n<\/svg> <\/th>\n                <th><svg width=\"21\" height=\"20\" viewBox=\"0 0 21 20\" fill=\"none\" xmlns=\"http:\/\/www.w3.org\/2000\/svg\">\n    <path d=\"M3.5 17.0001V17.5834C3.5 18.0695 3.32986 18.4827 2.98958 18.823C2.64931 19.1633 2.23611 19.3334 1.75 19.3334C1.26389 19.3334 0.850694 19.1633 0.510417 18.823C0.170139 18.4827 0 18.0695 0 17.5834V9.24175C0 9.10564 0.00972222 8.96953 0.0291667 8.83341C0.0486111 8.6973 0.0777778 8.57091 0.116667 8.45425L2.30417 2.24175C2.45972 1.77508 2.74167 1.39591 3.15 1.10425C3.55833 0.812581 4.01528 0.666748 4.52083 0.666748H16.4792C16.9847 0.666748 17.4417 0.812581 17.85 1.10425C18.2583 1.39591 18.5403 1.77508 18.6958 2.24175L20.8833 8.45425C20.9222 8.57091 20.9514 8.6973 20.9708 8.83341C20.9903 8.96953 21 9.10564 21 9.24175V17.5834C21 18.0695 20.8299 18.4827 20.4896 18.823C20.1493 19.1633 19.7361 19.3334 19.25 19.3334C18.7639 19.3334 18.3507 19.1633 18.0104 18.823C17.6701 18.4827 17.5 18.0695 17.5 17.5834V17.0001H3.5ZM3.26667 6.50008H17.7333L16.5083 3.00008H4.49167L3.26667 6.50008ZM5.25 13.5001C5.73611 13.5001 6.14931 13.3299 6.48958 12.9897C6.82986 12.6494 7 12.2362 7 11.7501C7 11.264 6.82986 10.8508 6.48958 10.5105C6.14931 10.1702 5.73611 10.0001 5.25 10.0001C4.76389 10.0001 4.35069 10.1702 4.01042 10.5105C3.67014 10.8508 3.5 11.264 3.5 11.7501C3.5 12.2362 3.67014 12.6494 4.01042 12.9897C4.35069 13.3299 4.76389 13.5001 5.25 13.5001ZM15.75 13.5001C16.2361 13.5001 16.6493 13.3299 16.9896 12.9897C17.3299 12.6494 17.5 12.2362 17.5 11.7501C17.5 11.264 17.3299 10.8508 16.9896 10.5105C16.6493 10.1702 16.2361 10.0001 15.75 10.0001C15.2639 10.0001 14.8507 10.1702 14.5104 10.5105C14.1701 10.8508 14 11.264 14 11.7501C14 12.2362 14.1701 12.6494 14.5104 12.9897C14.8507 13.3299 15.2639 13.5001 15.75 13.5001ZM2.33333 14.6667H18.6667V8.83341H2.33333V14.6667Z\" fill=\"black\"\/>\n<\/svg> <\/th>\n                <th><svg width=\"19\" height=\"22\" viewBox=\"0 0 19 22\" fill=\"none\" xmlns=\"http:\/\/www.w3.org\/2000\/svg\">\n    <path d=\"M0.657959 15.4211V4.92105C0.657959 3.94474 0.911248 3.16645 1.41783 2.58618C1.92441 2.00592 2.59217 1.56382 3.42112 1.25987C4.25006 0.955921 5.19414 0.753289 6.25335 0.651974C7.31256 0.550658 8.3948 0.5 9.50006 0.5C10.7159 0.5 11.8626 0.550658 12.9402 0.651974C14.0178 0.753289 14.9573 0.955921 15.7586 1.25987C16.5599 1.56382 17.1909 2.00592 17.6514 2.58618C18.1119 3.16645 18.3422 3.94474 18.3422 4.92105V15.4211C18.3422 16.5079 17.9691 17.4243 17.2231 18.1704C16.477 18.9164 15.5606 19.2895 14.4737 19.2895L15.0264 19.8421C15.3395 20.1553 15.4132 20.5099 15.2474 20.9059C15.0816 21.302 14.7777 21.5 14.3356 21.5C14.2066 21.5 14.0823 21.477 13.9626 21.4309C13.8428 21.3849 13.7369 21.3158 13.6448 21.2237L11.7106 19.2895H7.28954L5.35533 21.2237C5.26322 21.3158 5.1573 21.3849 5.03756 21.4309C4.91783 21.477 4.79349 21.5 4.66454 21.5C4.24085 21.5 3.94151 21.302 3.76651 20.9059C3.59151 20.5099 3.66059 20.1553 3.97375 19.8421L4.52638 19.2895C3.43954 19.2895 2.52309 18.9164 1.77704 18.1704C1.03099 17.4243 0.657959 16.5079 0.657959 15.4211ZM9.50006 2.71053C7.54743 2.71053 6.1198 2.82566 5.21717 3.05592C4.31454 3.28618 3.69743 3.53947 3.36585 3.81579H15.7448C15.4685 3.50263 14.8744 3.24013 13.9626 3.02829C13.0507 2.81645 11.5632 2.71053 9.50006 2.71053ZM2.86849 9.3421H8.3948V6.02632H2.86849V9.3421ZM14.4737 11.5526H2.86849H16.1316H14.4737ZM10.6053 9.3421H16.1316V6.02632H10.6053V9.3421ZM5.63164 15.9737C6.11059 15.9737 6.50664 15.8171 6.8198 15.5039C7.13296 15.1908 7.28954 14.7947 7.28954 14.3158C7.28954 13.8368 7.13296 13.4408 6.8198 13.1276C6.50664 12.8145 6.11059 12.6579 5.63164 12.6579C5.1527 12.6579 4.75664 12.8145 4.44349 13.1276C4.13033 13.4408 3.97375 13.8368 3.97375 14.3158C3.97375 14.7947 4.13033 15.1908 4.44349 15.5039C4.75664 15.8171 5.1527 15.9737 5.63164 15.9737ZM13.3685 15.9737C13.8474 15.9737 14.2435 15.8171 14.5566 15.5039C14.8698 15.1908 15.0264 14.7947 15.0264 14.3158C15.0264 13.8368 14.8698 13.4408 14.5566 13.1276C14.2435 12.8145 13.8474 12.6579 13.3685 12.6579C12.8895 12.6579 12.4935 12.8145 12.1803 13.1276C11.8672 13.4408 11.7106 13.8368 11.7106 14.3158C11.7106 14.7947 11.8672 15.1908 12.1803 15.5039C12.4935 15.8171 12.8895 15.9737 13.3685 15.9737ZM4.52638 17.0789H14.4737C14.9527 17.0789 15.3487 16.9224 15.6619 16.6092C15.9751 16.2961 16.1316 15.9 16.1316 15.4211V11.5526H2.86849V15.4211C2.86849 15.9 3.02506 16.2961 3.33822 16.6092C3.65138 16.9224 4.04743 17.0789 4.52638 17.0789ZM9.50006 3.81579H15.7448H3.36585H9.50006Z\" fill=\"black\"\/>\n<\/svg> <\/th>\n            <\/tr>\n        <\/thead>\n        <tbody>\n                            <tr>\n                    <td>Kindergarten<\/td>\n                    <td>20<\/td>\n                    <td>4<\/td>\n                    <td>14<\/td>\n                <\/tr>\n                            <tr>\n                    <td>Schule<\/td>\n                    <td>20<\/td>\n                    <td>4<\/td>\n                    <td>14<\/td>\n                <\/tr>\n                            <tr>\n                    <td>Lebensmittelgesch\u00e4ft Volg<\/td>\n                    <td>2<\/td>\n                    <td>1<\/td>\n                    <td>&#8211;<\/td>\n                <\/tr>\n                            <tr>\n                    <td>Bushaltestelle Saland Dorf<\/td>\n                    <td>2<\/td>\n                    <td>&#8211;<\/td>\n                    <td>&#8211;<\/td>\n                <\/tr>\n                            <tr>\n                    <td>Bahnhof Saland<\/td>\n                    <td>8<\/td>\n                    <td>1<\/td>\n                    <td>&#8211;<\/td>\n                <\/tr>\n                            <tr>\n                    <td>Autobahnanschluss A1<\/td>\n                    <td>&#8211;<\/td>\n                    <td>14<\/td>\n                    <td>&#8211;<\/td>\n                <\/tr>\n                            <tr>\n                    <td>Pf\u00e4ffikon<\/td>\n                    <td>&#8211;<\/td>\n                    <td>8<\/td>\n                    <td>17<\/td>\n                <\/tr>\n                    <\/tbody>\n    <\/table>\n<\/div>\n        <\/div>\n    <\/div>\n<\/div>\n<\/div>\n\n\n<div class=\"is-variation-cta wp-block-viviq-hero\" >\n            <div class=\"background-image parallax-bg\" style=\"background-image: url(https:\/\/viviq.ch\/eichholz\/wp-content\/uploads\/sites\/7\/2025\/09\/backbone_568673-A_112_WEB-e1757423791152.jpg); \"><\/div>\n    \n    <div class=\"overlay\"><\/div>\n\n    \n    <div class=\"container\" >\n                    <h1 class=\"hero-title\">Kontaktieren Sie uns jetzt!<\/h1>\n        \n        <div class=\"hero-content\">\n            \n<div class=\"wp-block-viviq-buttons\">\n    \n\n<a href=\"https:\/\/viviq.ch\/eichholz\/kontakt\/\"  class=\"wp-block-viviq-button\">\n    Kontakt aufnehmen<\/a>\n    <\/div>\n        <\/div>\n    <\/div>\n<\/div>","protected":false},"excerpt":{"rendered":"","protected":false},"author":1,"featured_media":0,"parent":0,"menu_order":0,"comment_status":"closed","ping_status":"closed","template":"","meta":{"inline_featured_image":false,"footnotes":""},"class_list":["post-21","page","type-page","status-publish","hentry"],"yoast_head":"<!-- This site is optimized with the Yoast SEO plugin v27.4 - https:\/\/yoast.com\/product\/yoast-seo-wordpress\/ -->\n<title>Projekt - Eichholz<\/title>\n<meta name=\"robots\" content=\"noindex, follow, max-snippet:-1, max-image-preview:large, max-video-preview:-1\" \/>\n<meta property=\"og:locale\" content=\"en_US\" \/>\n<meta property=\"og:type\" content=\"article\" \/>\n<meta property=\"og:title\" content=\"Projekt - Eichholz\" \/>\n<meta property=\"og:url\" content=\"https:\/\/viviq.ch\/eichholz\/projekt\/\" \/>\n<meta property=\"og:site_name\" content=\"Eichholz\" \/>\n<meta property=\"article:modified_time\" content=\"2025-10-09T08:44:12+00:00\" \/>\n<meta name=\"twitter:card\" content=\"summary_large_image\" \/>\n<meta name=\"twitter:label1\" content=\"Est. reading time\" \/>\n\t<meta name=\"twitter:data1\" content=\"2 minutes\" \/>\n<script type=\"application\/ld+json\" class=\"yoast-schema-graph\">{\"@context\":\"https:\\\/\\\/schema.org\",\"@graph\":[{\"@type\":\"WebPage\",\"@id\":\"https:\\\/\\\/viviq.ch\\\/eichholz\\\/projekt\\\/\",\"url\":\"https:\\\/\\\/viviq.ch\\\/eichholz\\\/projekt\\\/\",\"name\":\"Projekt - Eichholz\",\"isPartOf\":{\"@id\":\"https:\\\/\\\/viviq.ch\\\/eichholz\\\/#website\"},\"datePublished\":\"2025-06-18T06:02:46+00:00\",\"dateModified\":\"2025-10-09T08:44:12+00:00\",\"breadcrumb\":{\"@id\":\"https:\\\/\\\/viviq.ch\\\/eichholz\\\/projekt\\\/#breadcrumb\"},\"inLanguage\":\"en-US\",\"potentialAction\":[{\"@type\":\"ReadAction\",\"target\":[\"https:\\\/\\\/viviq.ch\\\/eichholz\\\/projekt\\\/\"]}]},{\"@type\":\"BreadcrumbList\",\"@id\":\"https:\\\/\\\/viviq.ch\\\/eichholz\\\/projekt\\\/#breadcrumb\",\"itemListElement\":[{\"@type\":\"ListItem\",\"position\":1,\"name\":\"Home\",\"item\":\"https:\\\/\\\/viviq.ch\\\/eichholz\\\/\"},{\"@type\":\"ListItem\",\"position\":2,\"name\":\"Projekt\"}]},{\"@type\":\"WebSite\",\"@id\":\"https:\\\/\\\/viviq.ch\\\/eichholz\\\/#website\",\"url\":\"https:\\\/\\\/viviq.ch\\\/eichholz\\\/\",\"name\":\"Eichholz\",\"description\":\"\",\"potentialAction\":[{\"@type\":\"SearchAction\",\"target\":{\"@type\":\"EntryPoint\",\"urlTemplate\":\"https:\\\/\\\/viviq.ch\\\/eichholz\\\/?s={search_term_string}\"},\"query-input\":{\"@type\":\"PropertyValueSpecification\",\"valueRequired\":true,\"valueName\":\"search_term_string\"}}],\"inLanguage\":\"en-US\"}]}<\/script>\n<!-- \/ Yoast SEO plugin. -->","yoast_head_json":{"title":"Projekt - Eichholz","robots":{"index":"noindex","follow":"follow","max-snippet":"max-snippet:-1","max-image-preview":"max-image-preview:large","max-video-preview":"max-video-preview:-1"},"og_locale":"en_US","og_type":"article","og_title":"Projekt - Eichholz","og_url":"https:\/\/viviq.ch\/eichholz\/projekt\/","og_site_name":"Eichholz","article_modified_time":"2025-10-09T08:44:12+00:00","twitter_card":"summary_large_image","twitter_misc":{"Est. reading time":"2 minutes"},"schema":{"@context":"https:\/\/schema.org","@graph":[{"@type":"WebPage","@id":"https:\/\/viviq.ch\/eichholz\/projekt\/","url":"https:\/\/viviq.ch\/eichholz\/projekt\/","name":"Projekt - Eichholz","isPartOf":{"@id":"https:\/\/viviq.ch\/eichholz\/#website"},"datePublished":"2025-06-18T06:02:46+00:00","dateModified":"2025-10-09T08:44:12+00:00","breadcrumb":{"@id":"https:\/\/viviq.ch\/eichholz\/projekt\/#breadcrumb"},"inLanguage":"en-US","potentialAction":[{"@type":"ReadAction","target":["https:\/\/viviq.ch\/eichholz\/projekt\/"]}]},{"@type":"BreadcrumbList","@id":"https:\/\/viviq.ch\/eichholz\/projekt\/#breadcrumb","itemListElement":[{"@type":"ListItem","position":1,"name":"Home","item":"https:\/\/viviq.ch\/eichholz\/"},{"@type":"ListItem","position":2,"name":"Projekt"}]},{"@type":"WebSite","@id":"https:\/\/viviq.ch\/eichholz\/#website","url":"https:\/\/viviq.ch\/eichholz\/","name":"Eichholz","description":"","potentialAction":[{"@type":"SearchAction","target":{"@type":"EntryPoint","urlTemplate":"https:\/\/viviq.ch\/eichholz\/?s={search_term_string}"},"query-input":{"@type":"PropertyValueSpecification","valueRequired":true,"valueName":"search_term_string"}}],"inLanguage":"en-US"}]}},"_links":{"self":[{"href":"https:\/\/viviq.ch\/eichholz\/wp-json\/wp\/v2\/pages\/21","targetHints":{"allow":["GET"]}}],"collection":[{"href":"https:\/\/viviq.ch\/eichholz\/wp-json\/wp\/v2\/pages"}],"about":[{"href":"https:\/\/viviq.ch\/eichholz\/wp-json\/wp\/v2\/types\/page"}],"author":[{"embeddable":true,"href":"https:\/\/viviq.ch\/eichholz\/wp-json\/wp\/v2\/users\/1"}],"replies":[{"embeddable":true,"href":"https:\/\/viviq.ch\/eichholz\/wp-json\/wp\/v2\/comments?post=21"}],"version-history":[{"count":18,"href":"https:\/\/viviq.ch\/eichholz\/wp-json\/wp\/v2\/pages\/21\/revisions"}],"predecessor-version":[{"id":357,"href":"https:\/\/viviq.ch\/eichholz\/wp-json\/wp\/v2\/pages\/21\/revisions\/357"}],"wp:attachment":[{"href":"https:\/\/viviq.ch\/eichholz\/wp-json\/wp\/v2\/media?parent=21"}],"curies":[{"name":"wp","href":"https:\/\/api.w.org\/{rel}","templated":true}]}}