{"id":6,"date":"2026-02-15T13:05:48","date_gmt":"2026-02-15T13:05:48","guid":{"rendered":"https:\/\/viviq.ch\/oberbuchsiten\/?page_id=6"},"modified":"2026-04-27T09:05:03","modified_gmt":"2026-04-27T09:05:03","slug":"home","status":"publish","type":"page","link":"https:\/\/viviq.ch\/oberbuchsiten\/","title":{"rendered":"Home"},"content":{"rendered":"\n<div class=\"is-variation-hero wp-block-viviq-hero\" >\n            <div class=\"background-image parallax-bg\" style=\"background-image: url(https:\/\/viviq.ch\/oberbuchsiten\/wp-content\/uploads\/sites\/10\/2026\/02\/backbone_575086-B_001_WEB.jpg); \"><\/div>\n    \n    <div class=\"overlay\"><\/div>\n\n    \n    <div class=\"container\" >\n                    <h1 class=\"hero-title\">Neubauprojekt<br>Oberbuchsiten<\/h1>\n        \n        <div class=\"hero-content\">\n            \n\n<p>Ihr neues Zuhause im Herzen des G\u00e4u <\/p>\n\n        <\/div>\n    <\/div>\n<\/div>\n\n\n<div class=\"is-margin-none is-padding-reduced is-style-strong wp-block-viviq-section\" >\n    \n\n<div class=\"columns-4 wp-block-viviq-grid-stats wp-block-viviq-grid\">\n    \n\n<div class=\"wp-block-viviq-card-stat\">\n    <p class=\"value\">12<\/p><p class=\"title\">Wohnungen<\/p><\/div>\n\n\n<div class=\"wp-block-viviq-card-stat\">\n    <p class=\"value\">2.5<\/p><p class=\"title\">ab Zimmer<\/p><\/div>\n\n\n<div class=\"wp-block-viviq-card-stat\">\n    <p class=\"value\">4.5<\/p><p class=\"title\">bis Zimmer<\/p><\/div>\n\n\n<div class=\"wp-block-viviq-card-stat\">\n    <p class=\"value\">01.6.2026<\/p><p class=\"title\">Erstbezug per <\/p><\/div>\n<\/div>\n<\/div>\n\n\n<div class=\"wp-block-viviq-section\" >\n    \n<div class=\"container has-media-on-the-left is-vertically-aligned-top wp-block-viviq-media-text\">\n    <div class=\"image-container decoration\">\n                    <img decoding=\"async\" src=\"https:\/\/viviq.ch\/oberbuchsiten\/wp-content\/uploads\/sites\/10\/2026\/02\/backbone_575086-C_005_WEB.jpg\" \n                 alt=\"\" \n                 class=\"image aspect-ratio-4-3\">\n        \n            <\/div>\n    \n    <div class=\"content-container viviq-typography-container\">\n        \n<div class=\"wp-block-viviq-section-heading\">\n    \n\n<p class=\"section-heading-title wp-block-viviq-section-heading-part\">Modernes Wohngl\u00fcck im G\u00e4u: 12 Wohneinheiten im Erstbezug<\/p>\n<\/div>\n\n\n<p>Willkommen in Ihrem neuen Zuhause: In Oberbuchsiten entsteht ein exklusives Neubauprojekt mit 12 erstklassigen 2.5 &#8211; bis 4.5 Zimmer- Wohnungen, die modernes Wohngef\u00fchl mit einer idyllischen Umgebung verbinden.Hier wohnen Sie dort, wo andere Urlaub machen &#8211; direkt am Juras\u00fcdfuss, mit der Natur als direktem Nachbarn und viel Raum f\u00fcr Ihre individuelle Entfaltung.<\/p>\n\n\n<div class=\"wp-block-viviq-buttons\">\n    \n\n<a href=\"https:\/\/viviq.ch\/oberbuchsiten\/angebot\/\"  class=\"wp-block-viviq-button\">\n    Unser Angebot<\/a>\n    <\/div>\n    <\/div>\n<\/div>\n<\/div>\n\n\n<div class=\"is-style-secondary wp-block-viviq-section\" >\n    \n<div class=\"wp-block-viviq-section-heading\">\n    \n\n<p class=\"section-heading-title wp-block-viviq-section-heading-part\">Im \u00dcberblick<\/p>\n<\/div>\n\n\n<div class=\"columns-3 wp-block-viviq-grid-usps wp-block-viviq-grid\">\n    \n\n<div class=\"wp-block-viviq-card-usp\">\n            <div class=\"image\">\n            <?xml version=\"1.0\" encoding=\"UTF-8\"?>\n<svg xmlns=\"http:\/\/www.w3.org\/2000\/svg\" width=\"78\" height=\"98\" viewBox=\"0 0 78 98\" fill=\"none\">\n  <path d=\"M25.2857 53.2143H34.4286V40.3572H43.5714V53.2143H52.7143V31.2143L39 22.0715L25.2857 31.2143V53.2143ZM39 94.5001C49.4762 85.5477 57.9286 76.0953 64.3571 66.1429C70.7857 56.1905 74 47.6429 74 40.5C74 30.0239 70.6905 21.3572 64.0714 14.5C57.4524 7.64289 49.0952 4.21432 39 4.21432C28.9048 4.21432 20.5476 7.64289 13.9286 14.5C7.30952 21.3572 4 30.0239 4 40.5C4 47.6429 7.21429 56.1905 13.6429 66.1429C20.0714 76.0953 28.5238 85.5477 39 94.5001ZM39 97.6429C38.2381 97.6429 37.4762 97.5239 36.7143 97.2858C35.9524 97.0477 35.2381 96.6429 34.5714 96.0715C31.1429 92.9286 27.4286 89.1905 23.4286 84.8572C19.4286 80.5239 15.6905 75.9286 12.2143 71.0715C8.7381 66.2143 5.83333 61.1667 3.5 55.9286C1.16667 50.6905 0 45.5477 0 40.5C0 29.0715 3.7381 19.5238 11.2143 11.8572C18.6905 4.19051 27.9524 0.357178 39 0.357178C50.0476 0.357178 59.3095 4.19051 66.7857 11.8572C74.2619 19.5238 78 29.0715 78 40.5C78 45.5477 76.8333 50.6667 74.5 55.8572C72.1667 61.0477 69.2857 66.0953 65.8571 71.0001C62.4286 75.9048 58.7143 80.5001 54.7143 84.7858C50.7143 89.0715 47 92.7858 43.5714 95.9286C42.9048 96.5001 42.1667 96.9286 41.3571 97.2143C40.5476 97.5001 39.7619 97.6429 39 97.6429Z\" fill=\"#4A6979\"><\/path>\n<\/svg>\n        <\/div>\n    \n            <div class=\"title\">Lage <\/div>\n    \n    \n\n<p>Die Hauptstrasse 68 in Oberbuchsiten \u00fcberzeugt durch ihre erstklassige Anbindung im Herzen von Oberbuchsiten. Hier geniessen Sie das Beste aus zwei Welten: Den Juras\u00fcdfuss mit seinen Naherholungsgebieten direkt vor der Haust\u00fcr und die perfekte Erreichbarkeit der Autobahn A1 (Anschluss Oensingen\/Egerkingen) in nur wenigen Minuten. Einkaufsm\u00f6glichkeiten, Schulen und der \u00f6ffentliche Verkehr sind bequem zu Fuss erreichbar.<\/p>\n\n<\/div>\n\n\n<div class=\"wp-block-viviq-card-usp\">\n            <div class=\"image\">\n            <?xml version=\"1.0\" encoding=\"UTF-8\"?>\n<svg xmlns=\"http:\/\/www.w3.org\/2000\/svg\" width=\"90\" height=\"78\" viewBox=\"0 0 90 78\" fill=\"none\">\n  <path d=\"M65.8732 50.2213L87.0604 31.8592C87.8011 31.9502 88.3787 32.2703 88.793 32.8196C89.2073 33.3689 89.4145 33.9643 89.4145 34.6056C89.4145 34.9718 89.347 35.3072 89.212 35.6116C89.0781 35.9161 88.8317 36.1824 88.4728 36.4105L70.8954 51.6338L76.2314 74.8612V75.4591C76.2314 76.2114 75.996 76.8229 75.5252 77.2938C75.0543 77.7646 74.4527 78 73.7203 78H73C72.7478 78 72.5171 77.8954 72.3079 77.6861L65.8732 50.2213ZM54.7304 15.8511L48.7666 1.72636C48.9675 1.17392 49.2793 0.748086 49.702 0.448851C50.1247 0.149615 50.5903 0 51.0988 0C51.6072 0 52.1042 0.156942 52.5897 0.470825C53.0752 0.784708 53.4225 1.20322 53.6318 1.72636L59.7525 16.3219L54.7304 15.8511ZM16.9074 67.9557L36.6821 56.0282L56.4567 68.1127L51.2777 45.5131L68.6982 30.4467L45.7847 28.4064L36.6821 7.06237L27.5795 28.2495L4.66599 30.2897L22.0865 45.5131L16.9074 67.9557ZM12.67 66.3863L17.2213 47.0825L2.31187 34.0563C1.78873 33.5332 1.37022 32.975 1.05634 32.3818C0.742452 31.7896 0.58551 31.1969 0.58551 30.6036C0.58551 29.4862 0.977864 28.4483 1.76257 27.4899C2.54728 26.5315 3.61972 26 4.97988 25.8954L24.6745 24.158L32.2877 5.96378C32.6801 5.02213 33.2885 4.3159 34.113 3.84507C34.9364 3.37425 35.7797 3.13883 36.6429 3.13883C37.506 3.13883 38.3603 3.37425 39.2057 3.84507C40.0501 4.3159 40.6736 5.02213 41.0765 5.96378L48.6897 24.158L68.3843 25.8954C69.7445 26 70.8169 26.5299 71.6016 27.4852C72.3863 28.4404 72.7787 29.4752 72.7787 30.5895C72.7787 31.2267 72.6217 31.833 72.3079 32.4085C71.994 32.9839 71.5755 33.5332 71.0523 34.0563L56.1429 47.0825L60.746 66.3942C60.8161 66.5982 60.8511 66.9393 60.8511 67.4174C60.8511 68.7703 60.3839 69.9044 59.4496 70.8199C58.5153 71.7354 57.4251 72.1932 56.179 72.1932C55.9456 72.1932 55.0966 71.9316 53.6318 71.4085L36.6821 61.2072L19.7324 71.4085C19.3139 71.6177 18.8891 71.8008 18.458 71.9577C18.0259 72.1147 17.6137 72.1932 17.2213 72.1932C15.8089 72.1932 14.5926 71.6177 13.5724 70.4668C12.5523 69.3159 12.2515 67.9557 12.67 66.3863Z\" fill=\"#4A6979\"><\/path>\n<\/svg>\n        <\/div>\n    \n            <div class=\"title\">Wohnungsangebot <\/div>\n    \n    \n\n<p>Unser Neubauprojekt an der Hauptstrasse 68 bietet insgesamt 12 hochwertige Wohneinheiten, die durch durchdachte Grundrisse und modernen Ausbau \u00fcberzeugen. Vom gem\u00fctlichen Single-Zuhause bis zur grossz\u00fcgigen Familienwohnung: W\u00e4hlen Sie zwischen attraktiven <strong>2.5- bis 3.5-Zimmer-Wohnungen<\/strong> oder entscheiden Sie sich f\u00fcr eine unserer drei besonders ger\u00e4umigen <strong>4.5-Zimmer-Wohnungen mit \u00fcber 120 m\u00b2 Wohnfl\u00e4che<\/strong>. Je nach Etage geniessen Sie die Sonne auf Ihrem privaten Balkon oder entspannen in den Erdgeschosswohnungen auf Ihrem eigenen Gartensitzplatz.<\/p>\n\n<\/div>\n\n\n<div class=\"wp-block-viviq-card-usp\">\n            <div class=\"image\">\n            <?xml version=\"1.0\" encoding=\"UTF-8\"?>\n<svg xmlns=\"http:\/\/www.w3.org\/2000\/svg\" width=\"100\" height=\"78\" viewBox=\"0 0 100 78\" fill=\"none\">\n  <path d=\"M21.9018 58.792V76.183C21.9018 76.6978 21.7271 77.1296 21.3775 77.4783C21.0288 77.8261 20.5962 78 20.0797 78C19.564 78 19.1331 77.8261 18.787 77.4783C18.4409 77.1296 18.2679 76.6978 18.2679 76.183V58.792H10.0915C9.57671 58.792 9.14497 58.6172 8.79628 58.2677C8.44846 57.919 8.27455 57.4864 8.27455 56.9698C8.27455 56.4542 8.44846 56.0233 8.79628 55.6772C9.14497 55.3311 9.57671 55.1581 10.0915 55.1581H18.2679V25.9567L3.21299 37.1181C2.78038 37.3777 2.34776 37.4859 1.91515 37.4426C1.48254 37.3993 1.09319 37.1614 0.747098 36.7288C0.401008 36.2962 0.249594 35.8636 0.292855 35.4309C0.336116 34.9983 0.574053 34.609 1.00666 34.2629L45.2629 1.42762C45.9551 0.908486 46.6996 0.540765 47.4965 0.324459C48.2934 0.108153 49.1062 0 49.9351 0C50.764 0 51.5769 0.108153 52.3738 0.324459C53.1706 0.540765 53.9151 0.908486 54.6073 1.42762L98.9933 34.2629C99.426 34.609 99.6639 34.9983 99.7072 35.4309C99.7504 35.8636 99.599 36.2962 99.2529 36.7288C98.9068 37.1614 98.5175 37.3993 98.0849 37.4426C97.6523 37.4859 97.2196 37.3777 96.787 37.1181L81.7321 25.9567V55.1581H89.7787C90.2935 55.1581 90.7248 55.3328 91.0726 55.6824C91.4213 56.0311 91.5957 56.4637 91.5957 56.9802C91.5957 57.4959 91.4213 57.9268 91.0726 58.2729C90.7248 58.619 90.2935 58.792 89.7787 58.792H81.7321V76.183C81.7321 76.6978 81.5573 77.1296 81.2078 77.4783C80.8591 77.8261 80.4265 78 79.91 78C79.3943 78 78.9634 77.8261 78.6173 77.4783C78.2712 77.1296 78.0982 76.6978 78.0982 76.183V58.792H51.7521V76.183C51.7521 76.6978 51.5773 77.1296 51.2278 77.4783C50.8791 77.8261 50.4465 78 49.9299 78C49.4142 78 48.9834 77.8261 48.6373 77.4783C48.2912 77.1296 48.1181 76.6978 48.1181 76.183V58.792H21.9018ZM21.9018 55.1581H48.1181V3.89351L21.9018 23.3611V55.1581ZM51.7521 55.1581H78.0982V23.3611L51.7521 3.89351V55.1581Z\" fill=\"#4A6979\"><\/path>\n<\/svg>\n        <\/div>\n    \n            <div class=\"title\">Materialien<\/div>\n    \n    \n\n<p>Freuen Sie sich auf ein Wohnerlebnis, das keine W\u00fcnsche offen l\u00e4sst. Vom Eichenparkett in den Wohnr\u00e4umen bis hin zur Bodenheizung, die \u00fcber eine nachhaltige W\u00e4rmepumpe gespeist wird, ist jedes Detail auf Ihr Wohlbefinden ausgelegt. F\u00fcr maximale Ordnung sorgt die Garderobe mit Einbauschr\u00e4nken direkt im Entree. Dank elektrischer Storen, einem Glasfaseranschluss und dem privaten Waschturm im Reduit geniessen Sie Technik und Komfort auf dem neuesten Stand.<\/p>\n\n<\/div>\n<\/div>\n<\/div>","protected":false},"excerpt":{"rendered":"","protected":false},"author":1,"featured_media":0,"parent":0,"menu_order":0,"comment_status":"closed","ping_status":"closed","template":"","meta":{"inline_featured_image":false,"footnotes":""},"class_list":["post-6","page","type-page","status-publish","hentry"],"yoast_head":"<!-- This site is optimized with the Yoast SEO plugin v27.4 - https:\/\/yoast.com\/product\/yoast-seo-wordpress\/ -->\n<title>Home - Oberbuchsiten<\/title>\n<meta name=\"robots\" content=\"index, follow, max-snippet:-1, max-image-preview:large, max-video-preview:-1\" \/>\n<link rel=\"canonical\" href=\"https:\/\/viviq.ch\/oberbuchsiten\/\" \/>\n<meta property=\"og:locale\" content=\"en_US\" \/>\n<meta property=\"og:type\" content=\"article\" \/>\n<meta property=\"og:title\" content=\"Home - Oberbuchsiten\" \/>\n<meta property=\"og:url\" content=\"https:\/\/viviq.ch\/oberbuchsiten\/\" \/>\n<meta property=\"og:site_name\" content=\"Oberbuchsiten\" \/>\n<meta property=\"article:modified_time\" content=\"2026-04-27T09:05:03+00:00\" \/>\n<meta name=\"twitter:card\" content=\"summary_large_image\" \/>\n<meta name=\"twitter:label1\" content=\"Est. reading time\" \/>\n\t<meta name=\"twitter:data1\" content=\"2 minutes\" \/>\n<script type=\"application\/ld+json\" class=\"yoast-schema-graph\">{\"@context\":\"https:\\\/\\\/schema.org\",\"@graph\":[{\"@type\":\"WebPage\",\"@id\":\"https:\\\/\\\/viviq.ch\\\/oberbuchsiten\\\/\",\"url\":\"https:\\\/\\\/viviq.ch\\\/oberbuchsiten\\\/\",\"name\":\"Home - Oberbuchsiten\",\"isPartOf\":{\"@id\":\"https:\\\/\\\/viviq.ch\\\/oberbuchsiten\\\/#website\"},\"datePublished\":\"2026-02-15T13:05:48+00:00\",\"dateModified\":\"2026-04-27T09:05:03+00:00\",\"breadcrumb\":{\"@id\":\"https:\\\/\\\/viviq.ch\\\/oberbuchsiten\\\/#breadcrumb\"},\"inLanguage\":\"en-US\",\"potentialAction\":[{\"@type\":\"ReadAction\",\"target\":[\"https:\\\/\\\/viviq.ch\\\/oberbuchsiten\\\/\"]}]},{\"@type\":\"BreadcrumbList\",\"@id\":\"https:\\\/\\\/viviq.ch\\\/oberbuchsiten\\\/#breadcrumb\",\"itemListElement\":[{\"@type\":\"ListItem\",\"position\":1,\"name\":\"Home\",\"item\":\"https:\\\/\\\/viviq.ch\\\/oberbuchsiten\\\/\"},{\"@type\":\"ListItem\",\"position\":2,\"name\":\"Home\"}]},{\"@type\":\"WebSite\",\"@id\":\"https:\\\/\\\/viviq.ch\\\/oberbuchsiten\\\/#website\",\"url\":\"https:\\\/\\\/viviq.ch\\\/oberbuchsiten\\\/\",\"name\":\"Oberbuchsiten\",\"description\":\"\",\"potentialAction\":[{\"@type\":\"SearchAction\",\"target\":{\"@type\":\"EntryPoint\",\"urlTemplate\":\"https:\\\/\\\/viviq.ch\\\/oberbuchsiten\\\/?s={search_term_string}\"},\"query-input\":{\"@type\":\"PropertyValueSpecification\",\"valueRequired\":true,\"valueName\":\"search_term_string\"}}],\"inLanguage\":\"en-US\"}]}<\/script>\n<!-- \/ Yoast SEO plugin. -->","yoast_head_json":{"title":"Home - Oberbuchsiten","robots":{"index":"index","follow":"follow","max-snippet":"max-snippet:-1","max-image-preview":"max-image-preview:large","max-video-preview":"max-video-preview:-1"},"canonical":"https:\/\/viviq.ch\/oberbuchsiten\/","og_locale":"en_US","og_type":"article","og_title":"Home - Oberbuchsiten","og_url":"https:\/\/viviq.ch\/oberbuchsiten\/","og_site_name":"Oberbuchsiten","article_modified_time":"2026-04-27T09:05:03+00:00","twitter_card":"summary_large_image","twitter_misc":{"Est. reading time":"2 minutes"},"schema":{"@context":"https:\/\/schema.org","@graph":[{"@type":"WebPage","@id":"https:\/\/viviq.ch\/oberbuchsiten\/","url":"https:\/\/viviq.ch\/oberbuchsiten\/","name":"Home - Oberbuchsiten","isPartOf":{"@id":"https:\/\/viviq.ch\/oberbuchsiten\/#website"},"datePublished":"2026-02-15T13:05:48+00:00","dateModified":"2026-04-27T09:05:03+00:00","breadcrumb":{"@id":"https:\/\/viviq.ch\/oberbuchsiten\/#breadcrumb"},"inLanguage":"en-US","potentialAction":[{"@type":"ReadAction","target":["https:\/\/viviq.ch\/oberbuchsiten\/"]}]},{"@type":"BreadcrumbList","@id":"https:\/\/viviq.ch\/oberbuchsiten\/#breadcrumb","itemListElement":[{"@type":"ListItem","position":1,"name":"Home","item":"https:\/\/viviq.ch\/oberbuchsiten\/"},{"@type":"ListItem","position":2,"name":"Home"}]},{"@type":"WebSite","@id":"https:\/\/viviq.ch\/oberbuchsiten\/#website","url":"https:\/\/viviq.ch\/oberbuchsiten\/","name":"Oberbuchsiten","description":"","potentialAction":[{"@type":"SearchAction","target":{"@type":"EntryPoint","urlTemplate":"https:\/\/viviq.ch\/oberbuchsiten\/?s={search_term_string}"},"query-input":{"@type":"PropertyValueSpecification","valueRequired":true,"valueName":"search_term_string"}}],"inLanguage":"en-US"}]}},"_links":{"self":[{"href":"https:\/\/viviq.ch\/oberbuchsiten\/wp-json\/wp\/v2\/pages\/6","targetHints":{"allow":["GET"]}}],"collection":[{"href":"https:\/\/viviq.ch\/oberbuchsiten\/wp-json\/wp\/v2\/pages"}],"about":[{"href":"https:\/\/viviq.ch\/oberbuchsiten\/wp-json\/wp\/v2\/types\/page"}],"author":[{"embeddable":true,"href":"https:\/\/viviq.ch\/oberbuchsiten\/wp-json\/wp\/v2\/users\/1"}],"replies":[{"embeddable":true,"href":"https:\/\/viviq.ch\/oberbuchsiten\/wp-json\/wp\/v2\/comments?post=6"}],"version-history":[{"count":10,"href":"https:\/\/viviq.ch\/oberbuchsiten\/wp-json\/wp\/v2\/pages\/6\/revisions"}],"predecessor-version":[{"id":1050,"href":"https:\/\/viviq.ch\/oberbuchsiten\/wp-json\/wp\/v2\/pages\/6\/revisions\/1050"}],"wp:attachment":[{"href":"https:\/\/viviq.ch\/oberbuchsiten\/wp-json\/wp\/v2\/media?parent=6"}],"curies":[{"name":"wp","href":"https:\/\/api.w.org\/{rel}","templated":true}]}}