{"id":896,"date":"2025-06-18T05:44:45","date_gmt":"2025-06-18T05:44:45","guid":{"rendered":"https:\/\/viviq.ch\/schlossgraben\/?page_id=896"},"modified":"2025-09-08T13:57:18","modified_gmt":"2025-09-08T13:57:18","slug":"projekt","status":"publish","type":"page","link":"https:\/\/viviq.ch\/schlossgraben\/projekt\/","title":{"rendered":"Projekt"},"content":{"rendered":"\n<div class=\"is-full-height is-variation-hero wp-block-viviq-hero\" >\n            <div class=\"background-image parallax-bg\" style=\"background-image: url(https:\/\/viviq.ch\/schlossgraben\/wp-content\/uploads\/sites\/6\/2025\/07\/1_4-Photo-scaled.jpg); \"><\/div>\n    \n    <div class=\"overlay\"><\/div>\n\n    \n    <div class=\"container\" >\n                    <h1 class=\"hero-title\">Bauprojekt  <\/h1>\n        \n        <div class=\"hero-content\">\n                    <\/div>\n    <\/div>\n<\/div>\n\n\n<div class=\"wp-block-viviq-section\" >\n    \n<div class=\"container has-media-on-the-left is-vertically-aligned-center wp-block-viviq-media-text\">\n    <div class=\"image-container decoration\">\n                    <img decoding=\"async\" src=\"https:\/\/viviq.ch\/schlossgraben\/wp-content\/uploads\/sites\/6\/2025\/07\/1_4-Photo-scaled.jpg\" \n                 alt=\"\" \n                 class=\"image aspect-ratio-4-3\">\n        \n            <\/div>\n    \n    <div class=\"content-container viviq-typography-container\">\n        \n<div class=\"wp-block-viviq-section-heading\">\n    \n\n<p class=\"section-heading-title wp-block-viviq-section-heading-part\">Neubauprojekt Schlossgraben <\/p>\n<\/div>\n\n\n<p>Das Bauprojekt umfasst die Erstellung eines modernen, energieeffizienten Mehrfamilienhauses in massiver Bauweise auf tragf\u00e4higem Baugrund ausserhalb des Grundwasserspiegels. Geplant sind hochwertige Wohnungen mit durchdachtem Grundriss, Bodenheizung mittels Erdsonden-W\u00e4rmepumpe, zeitgem\u00e4sser Haustechnik und nachhaltiger Geb\u00e4udeh\u00fclle mit hervorragenden D\u00e4mmwerten. Balkone, Terrassen und eine grossz\u00fcgige Einstellhalle sorgen f\u00fcr hohen Wohnkomfort und eine attraktive, funktionale Umgebung.<\/p>\n\n    <\/div>\n<\/div>\n\n<div class=\"container has-media-on-the-right is-vertically-aligned-center wp-block-viviq-media-text\">\n    <div class=\"image-container \">\n                    <img decoding=\"async\" src=\"https:\/\/viviq.ch\/schlossgraben\/wp-content\/uploads\/sites\/6\/2025\/07\/1_1-Photo-scaled.jpg\" \n                 alt=\"\" \n                 class=\"image aspect-ratio-4-3\">\n        \n            <\/div>\n    \n    <div class=\"content-container viviq-typography-container\">\n        \n<div class=\"wp-block-viviq-section-heading\">\n    \n\n<p class=\"section-heading-title wp-block-viviq-section-heading-part\">Ausbaustandard<\/p>\n<\/div>\n\n\n<p>Der Ausbaustandard zeichnet sich durch eine hochwertige, energieeffiziente Bauweise mit massiven Stahlbeton- und Backsteinkonstruktionen aus, erg\u00e4nzt durch EPS-W\u00e4rmed\u00e4mmung und 3-fach-verglaste Fenster. Die Wohnungen verf\u00fcgen \u00fcber Parkettb\u00f6den in Wohnr\u00e4umen, Feinsteinzeugplatten in Nasszellen, moderne Einbauk\u00fcchen sowie eine zentrale Bodenheizung \u00fcber Erdsonden-W\u00e4rmepumpe. Komfortmerkmale wie Personenlift, zentrale Staubsaugeranlage, Videogegensprechanlage und Raffstoren runden den gehobenen Ausbaustandard ab.<\/p>\n\n    <\/div>\n<\/div>\n<\/div>\n\n\n<div class=\"is-style-default wp-block-viviq-section\" >\n    \n<div class=\"wp-block-viviq-location-info\">\n    <div class=\"container\">\n        <div class=\"map-container\">\n                    <div id=\"map-6a0459ffe3f50\" style=\"width: 100%; height: 100%;\"><\/div>\n\n        <script>\n            (function() {\n                \/\/ Store map configuration\n                if (typeof window.mapConfigs === 'undefined') {\n                    window.mapConfigs = {};\n                }\n\n                window.mapConfigs['map-6a0459ffe3f50'] = {\n                    element: 'map-6a0459ffe3f50',\n                    center: { lat: 47.2362106, lng: 8.1833109 },\n                    zoom: 14,\n                    styles: [{\"stylers\":[{\"saturation\":-100},{\"lightness\":0}]}]                };\n\n                \/\/ Initialize map if Google Maps is already loaded\n                if (window.google && window.google.maps) {\n                    initializeMap('map-6a0459ffe3f50');\n                }\n            })();\n        <\/script>\n                <\/div>\n        <div class=\"content-container viviq-typography-container\">\n            \n<div class=\"wp-block-viviq-section-heading\">\n    \n\n<p class=\"section-heading-title wp-block-viviq-section-heading-part\">Lage<\/p>\n<\/div>\n\n\n<p>Die Liegenschaft befindet sich an der Schlossgrabenstrasse in 5736 Burg einer ruhigen, dennoch zentral gelegenen Wohngegend mit guter Erschliessung und Infrastruktur. Das Grundst\u00fcck ist optimal gelegen, um den zuk\u00fcnftigen Bewohnern neben einer attraktiven Wohnumgebung auch eine<br>hervorragende Anbindung an lokale Versorgungs- und Freizeiteinrichtungen zu bieten.<\/p>\n\n        <\/div>\n    <\/div>\n<\/div>\n<\/div>\n\n\n<div class=\"is-variation-cta is-style-tinted-dark wp-block-viviq-hero\" >\n            <div class=\"background-image parallax-bg\" style=\"background-image: url(https:\/\/viviq.ch\/schlossgraben\/wp-content\/uploads\/sites\/6\/2025\/06\/1_3-Photo-1-scaled.jpg); \"><\/div>\n    \n    <div class=\"overlay\"><\/div>\n\n    \n    <div class=\"container\" >\n                    <h1 class=\"hero-title\">Kontaktieren Sie uns jetzt!<\/h1>\n        \n        <div class=\"hero-content\">\n            \n<div class=\"wp-block-viviq-buttons\">\n    \n\n<a href=\"https:\/\/viviq.ch\/schlossgraben\/kontakt\/\"  class=\"wp-block-viviq-button\">\n    Kontakt aufnehmen<\/a>\n    <\/div>\n        <\/div>\n    <\/div>\n<\/div>","protected":false},"excerpt":{"rendered":"","protected":false},"author":1,"featured_media":0,"parent":0,"menu_order":0,"comment_status":"closed","ping_status":"closed","template":"","meta":{"inline_featured_image":false,"footnotes":""},"class_list":["post-896","page","type-page","status-publish","hentry"],"yoast_head":"<!-- This site is optimized with the Yoast SEO plugin v27.4 - https:\/\/yoast.com\/product\/yoast-seo-wordpress\/ -->\n<title>Projekt - Schlossgraben<\/title>\n<meta name=\"robots\" content=\"noindex, follow, max-snippet:-1, max-image-preview:large, max-video-preview:-1\" \/>\n<meta property=\"og:locale\" content=\"en_US\" \/>\n<meta property=\"og:type\" content=\"article\" \/>\n<meta property=\"og:title\" content=\"Projekt - Schlossgraben\" \/>\n<meta property=\"og:url\" content=\"https:\/\/viviq.ch\/schlossgraben\/projekt\/\" \/>\n<meta property=\"og:site_name\" content=\"Schlossgraben\" \/>\n<meta property=\"article:modified_time\" content=\"2025-09-08T13:57:18+00:00\" \/>\n<meta name=\"twitter:card\" content=\"summary_large_image\" \/>\n<meta name=\"twitter:label1\" content=\"Est. reading time\" \/>\n\t<meta name=\"twitter:data1\" content=\"2 minutes\" \/>\n<script type=\"application\/ld+json\" class=\"yoast-schema-graph\">{\"@context\":\"https:\\\/\\\/schema.org\",\"@graph\":[{\"@type\":\"WebPage\",\"@id\":\"https:\\\/\\\/viviq.ch\\\/schlossgraben\\\/projekt\\\/\",\"url\":\"https:\\\/\\\/viviq.ch\\\/schlossgraben\\\/projekt\\\/\",\"name\":\"Projekt - Schlossgraben\",\"isPartOf\":{\"@id\":\"https:\\\/\\\/viviq.ch\\\/schlossgraben\\\/#website\"},\"datePublished\":\"2025-06-18T05:44:45+00:00\",\"dateModified\":\"2025-09-08T13:57:18+00:00\",\"breadcrumb\":{\"@id\":\"https:\\\/\\\/viviq.ch\\\/schlossgraben\\\/projekt\\\/#breadcrumb\"},\"inLanguage\":\"en-US\",\"potentialAction\":[{\"@type\":\"ReadAction\",\"target\":[\"https:\\\/\\\/viviq.ch\\\/schlossgraben\\\/projekt\\\/\"]}]},{\"@type\":\"BreadcrumbList\",\"@id\":\"https:\\\/\\\/viviq.ch\\\/schlossgraben\\\/projekt\\\/#breadcrumb\",\"itemListElement\":[{\"@type\":\"ListItem\",\"position\":1,\"name\":\"Home\",\"item\":\"https:\\\/\\\/viviq.ch\\\/schlossgraben\\\/\"},{\"@type\":\"ListItem\",\"position\":2,\"name\":\"Projekt\"}]},{\"@type\":\"WebSite\",\"@id\":\"https:\\\/\\\/viviq.ch\\\/schlossgraben\\\/#website\",\"url\":\"https:\\\/\\\/viviq.ch\\\/schlossgraben\\\/\",\"name\":\"Schlossgraben\",\"description\":\"\",\"potentialAction\":[{\"@type\":\"SearchAction\",\"target\":{\"@type\":\"EntryPoint\",\"urlTemplate\":\"https:\\\/\\\/viviq.ch\\\/schlossgraben\\\/?s={search_term_string}\"},\"query-input\":{\"@type\":\"PropertyValueSpecification\",\"valueRequired\":true,\"valueName\":\"search_term_string\"}}],\"inLanguage\":\"en-US\"}]}<\/script>\n<!-- \/ Yoast SEO plugin. -->","yoast_head_json":{"title":"Projekt - Schlossgraben","robots":{"index":"noindex","follow":"follow","max-snippet":"max-snippet:-1","max-image-preview":"max-image-preview:large","max-video-preview":"max-video-preview:-1"},"og_locale":"en_US","og_type":"article","og_title":"Projekt - Schlossgraben","og_url":"https:\/\/viviq.ch\/schlossgraben\/projekt\/","og_site_name":"Schlossgraben","article_modified_time":"2025-09-08T13:57:18+00:00","twitter_card":"summary_large_image","twitter_misc":{"Est. reading time":"2 minutes"},"schema":{"@context":"https:\/\/schema.org","@graph":[{"@type":"WebPage","@id":"https:\/\/viviq.ch\/schlossgraben\/projekt\/","url":"https:\/\/viviq.ch\/schlossgraben\/projekt\/","name":"Projekt - Schlossgraben","isPartOf":{"@id":"https:\/\/viviq.ch\/schlossgraben\/#website"},"datePublished":"2025-06-18T05:44:45+00:00","dateModified":"2025-09-08T13:57:18+00:00","breadcrumb":{"@id":"https:\/\/viviq.ch\/schlossgraben\/projekt\/#breadcrumb"},"inLanguage":"en-US","potentialAction":[{"@type":"ReadAction","target":["https:\/\/viviq.ch\/schlossgraben\/projekt\/"]}]},{"@type":"BreadcrumbList","@id":"https:\/\/viviq.ch\/schlossgraben\/projekt\/#breadcrumb","itemListElement":[{"@type":"ListItem","position":1,"name":"Home","item":"https:\/\/viviq.ch\/schlossgraben\/"},{"@type":"ListItem","position":2,"name":"Projekt"}]},{"@type":"WebSite","@id":"https:\/\/viviq.ch\/schlossgraben\/#website","url":"https:\/\/viviq.ch\/schlossgraben\/","name":"Schlossgraben","description":"","potentialAction":[{"@type":"SearchAction","target":{"@type":"EntryPoint","urlTemplate":"https:\/\/viviq.ch\/schlossgraben\/?s={search_term_string}"},"query-input":{"@type":"PropertyValueSpecification","valueRequired":true,"valueName":"search_term_string"}}],"inLanguage":"en-US"}]}},"_links":{"self":[{"href":"https:\/\/viviq.ch\/schlossgraben\/wp-json\/wp\/v2\/pages\/896","targetHints":{"allow":["GET"]}}],"collection":[{"href":"https:\/\/viviq.ch\/schlossgraben\/wp-json\/wp\/v2\/pages"}],"about":[{"href":"https:\/\/viviq.ch\/schlossgraben\/wp-json\/wp\/v2\/types\/page"}],"author":[{"embeddable":true,"href":"https:\/\/viviq.ch\/schlossgraben\/wp-json\/wp\/v2\/users\/1"}],"replies":[{"embeddable":true,"href":"https:\/\/viviq.ch\/schlossgraben\/wp-json\/wp\/v2\/comments?post=896"}],"version-history":[{"count":12,"href":"https:\/\/viviq.ch\/schlossgraben\/wp-json\/wp\/v2\/pages\/896\/revisions"}],"predecessor-version":[{"id":1204,"href":"https:\/\/viviq.ch\/schlossgraben\/wp-json\/wp\/v2\/pages\/896\/revisions\/1204"}],"wp:attachment":[{"href":"https:\/\/viviq.ch\/schlossgraben\/wp-json\/wp\/v2\/media?parent=896"}],"curies":[{"name":"wp","href":"https:\/\/api.w.org\/{rel}","templated":true}]}}